{"id":583,"date":"2023-09-09T16:30:22","date_gmt":"2023-09-09T21:30:22","guid":{"rendered":"https:\/\/internationalbusinesssolution.com\/?post_type=product&#038;p=583"},"modified":"2023-09-09T16:38:11","modified_gmt":"2023-09-09T21:38:11","slug":"pantalon-levanta-cola","status":"publish","type":"product","link":"https:\/\/internationalbusinesssolution.com\/index.php\/producto\/pantalon-levanta-cola\/","title":{"rendered":"Pantal\u00f3n Levanta Cola"},"content":{"rendered":"\n<p>El panty alto en licra moldea y define la figura femenina, ofreciendo una sujeci\u00f3n \u00f3ptima en la zona del abdomen y la cintura para una apariencia m\u00e1s estilizada. Su dise\u00f1o sin costuras permite adaptaci\u00f3n perfecta al cuerpo, sin crear incomodidades ni marcas.<\/p>\n","protected":false},"excerpt":{"rendered":"<p>El panty alto en licra moldea y define la figura femenina, ofreciendo una sujeci\u00f3n \u00f3ptima en la zona del abdomen y la cintura para una apariencia m\u00e1s estilizada. Su dise\u00f1o sin costuras permite adaptaci\u00f3n perfecta al cuerpo, sin crear incomodidades ni marcas.<\/p>\n","protected":false},"featured_media":584,"comment_status":"open","ping_status":"closed","template":"","meta":{"om_disable_all_campaigns":false,"_monsterinsights_skip_tracking":false,"_monsterinsights_sitenote_active":false,"_monsterinsights_sitenote_note":"","_monsterinsights_sitenote_category":0,"site-sidebar-layout":"default","site-content-layout":"","ast-site-content-layout":"","site-content-style":"default","site-sidebar-style":"default","ast-global-header-display":"","ast-banner-title-visibility":"","ast-main-header-display":"","ast-hfb-above-header-display":"","ast-hfb-below-header-display":"","ast-hfb-mobile-header-display":"","site-post-title":"","ast-breadcrumbs-content":"","ast-featured-img":"","footer-sml-layout":"","theme-transparent-header-meta":"","adv-header-id-meta":"","stick-header-meta":"","header-above-stick-meta":"","header-main-stick-meta":"","header-below-stick-meta":"","astra-migrate-meta-layouts":"","_joinchat":[]},"product_cat":[41],"product_tag":[],"class_list":["post-583","product","type-product","status-publish","has-post-thumbnail","hentry","product_cat-fajas","pa_color-beige","pa_color-cocoa","pa_color-negra","pa_talla-3xs","pa_talla-2xs","pa_talla-xs","pa_talla-s","pa_talla-m","pa_talla-l","pa_talla-xl","pa_talla-2xl","desktop-align-left","tablet-align-left","mobile-align-left"],"aioseo_notices":[],"_links":{"self":[{"href":"https:\/\/internationalbusinesssolution.com\/index.php\/wp-json\/wp\/v2\/product\/583","targetHints":{"allow":["GET"]}}],"collection":[{"href":"https:\/\/internationalbusinesssolution.com\/index.php\/wp-json\/wp\/v2\/product"}],"about":[{"href":"https:\/\/internationalbusinesssolution.com\/index.php\/wp-json\/wp\/v2\/types\/product"}],"replies":[{"embeddable":true,"href":"https:\/\/internationalbusinesssolution.com\/index.php\/wp-json\/wp\/v2\/comments?post=583"}],"wp:featuredmedia":[{"embeddable":true,"href":"https:\/\/internationalbusinesssolution.com\/index.php\/wp-json\/wp\/v2\/media\/584"}],"wp:attachment":[{"href":"https:\/\/internationalbusinesssolution.com\/index.php\/wp-json\/wp\/v2\/media?parent=583"}],"wp:term":[{"taxonomy":"product_cat","embeddable":true,"href":"https:\/\/internationalbusinesssolution.com\/index.php\/wp-json\/wp\/v2\/product_cat?post=583"},{"taxonomy":"product_tag","embeddable":true,"href":"https:\/\/internationalbusinesssolution.com\/index.php\/wp-json\/wp\/v2\/product_tag?post=583"}],"curies":[{"name":"wp","href":"https:\/\/api.w.org\/{rel}","templated":true}]}}