{"id":579,"date":"2023-09-09T16:22:15","date_gmt":"2023-09-09T21:22:15","guid":{"rendered":"https:\/\/internationalbusinesssolution.com\/?post_type=product&#038;p=579"},"modified":"2023-09-09T16:29:59","modified_gmt":"2023-09-09T21:29:59","slug":"faja-larga-senos-libres","status":"publish","type":"product","link":"https:\/\/internationalbusinesssolution.com\/index.php\/producto\/faja-larga-senos-libres\/","title":{"rendered":"Faja Larga senos Libres"},"content":{"rendered":"\n<p>Faja larga, senos libres y de tira, La combinaci\u00f3n perfecta de comodidad y moldeo. Con su dise\u00f1o de tirantes y senos libres, brinda un soporte \u00f3ptimo y realza tu figura. \u00a1Si\u00e9ntete segura y resplandece con nuestra faja larga de tira y senos libres!<\/p>\n","protected":false},"excerpt":{"rendered":"<p>Faja larga, senos libres y de tira, La combinaci\u00f3n perfecta de comodidad y moldeo. Con su dise\u00f1o de tirantes y senos libres, brinda un soporte \u00f3ptimo y realza tu figura. \u00a1Si\u00e9ntete segura y resplandece con nuestra faja larga de tira y senos libres!<\/p>\n","protected":false},"featured_media":580,"comment_status":"open","ping_status":"closed","template":"","meta":{"om_disable_all_campaigns":false,"_monsterinsights_skip_tracking":false,"_monsterinsights_sitenote_active":false,"_monsterinsights_sitenote_note":"","_monsterinsights_sitenote_category":0,"site-sidebar-layout":"default","site-content-layout":"","ast-site-content-layout":"","site-content-style":"default","site-sidebar-style":"default","ast-global-header-display":"","ast-banner-title-visibility":"","ast-main-header-display":"","ast-hfb-above-header-display":"","ast-hfb-below-header-display":"","ast-hfb-mobile-header-display":"","site-post-title":"","ast-breadcrumbs-content":"","ast-featured-img":"","footer-sml-layout":"","theme-transparent-header-meta":"","adv-header-id-meta":"","stick-header-meta":"","header-above-stick-meta":"","header-main-stick-meta":"","header-below-stick-meta":"","astra-migrate-meta-layouts":"","_joinchat":[]},"product_cat":[41],"product_tag":[],"class_list":["post-579","product","type-product","status-publish","has-post-thumbnail","hentry","product_cat-fajas","pa_color-beige","pa_color-cocoa","pa_color-negra","pa_talla-3xs","pa_talla-2xs","pa_talla-xs","pa_talla-s","pa_talla-m","pa_talla-l","pa_talla-xl","pa_talla-2xl","desktop-align-left","tablet-align-left","mobile-align-left"],"aioseo_notices":[],"_links":{"self":[{"href":"https:\/\/internationalbusinesssolution.com\/index.php\/wp-json\/wp\/v2\/product\/579","targetHints":{"allow":["GET"]}}],"collection":[{"href":"https:\/\/internationalbusinesssolution.com\/index.php\/wp-json\/wp\/v2\/product"}],"about":[{"href":"https:\/\/internationalbusinesssolution.com\/index.php\/wp-json\/wp\/v2\/types\/product"}],"replies":[{"embeddable":true,"href":"https:\/\/internationalbusinesssolution.com\/index.php\/wp-json\/wp\/v2\/comments?post=579"}],"wp:featuredmedia":[{"embeddable":true,"href":"https:\/\/internationalbusinesssolution.com\/index.php\/wp-json\/wp\/v2\/media\/580"}],"wp:attachment":[{"href":"https:\/\/internationalbusinesssolution.com\/index.php\/wp-json\/wp\/v2\/media?parent=579"}],"wp:term":[{"taxonomy":"product_cat","embeddable":true,"href":"https:\/\/internationalbusinesssolution.com\/index.php\/wp-json\/wp\/v2\/product_cat?post=579"},{"taxonomy":"product_tag","embeddable":true,"href":"https:\/\/internationalbusinesssolution.com\/index.php\/wp-json\/wp\/v2\/product_tag?post=579"}],"curies":[{"name":"wp","href":"https:\/\/api.w.org\/{rel}","templated":true}]}}