{"id":569,"date":"2023-09-09T15:59:56","date_gmt":"2023-09-09T20:59:56","guid":{"rendered":"https:\/\/internationalbusinesssolution.com\/?post_type=product&#038;p=569"},"modified":"2023-09-09T16:04:17","modified_gmt":"2023-09-09T21:04:17","slug":"faja-short-de-varilla","status":"publish","type":"product","link":"https:\/\/internationalbusinesssolution.com\/index.php\/producto\/faja-short-de-varilla\/","title":{"rendered":"Faja Short de Varilla"},"content":{"rendered":"\n<p>M\u00e1xima definici\u00f3n y control en un dise\u00f1o elegante. Las varillas integradas proporcionan un soporte adicional y ayudan a esculpir tu figura. \u00a1Si\u00e9ntete confiada y estilizada con nuestra faja short de varilla!<\/p>\n","protected":false},"excerpt":{"rendered":"<p>M\u00e1xima definici\u00f3n y control en un dise\u00f1o elegante. Las varillas integradas proporcionan un soporte adicional y ayudan a esculpir tu figura. \u00a1Si\u00e9ntete confiada y estilizada con nuestra faja short de varilla!<\/p>\n","protected":false},"featured_media":570,"comment_status":"open","ping_status":"closed","template":"","meta":{"om_disable_all_campaigns":false,"_monsterinsights_skip_tracking":false,"_monsterinsights_sitenote_active":false,"_monsterinsights_sitenote_note":"","_monsterinsights_sitenote_category":0,"site-sidebar-layout":"default","site-content-layout":"","ast-site-content-layout":"","site-content-style":"default","site-sidebar-style":"default","ast-global-header-display":"","ast-banner-title-visibility":"","ast-main-header-display":"","ast-hfb-above-header-display":"","ast-hfb-below-header-display":"","ast-hfb-mobile-header-display":"","site-post-title":"","ast-breadcrumbs-content":"","ast-featured-img":"","footer-sml-layout":"","theme-transparent-header-meta":"","adv-header-id-meta":"","stick-header-meta":"","header-above-stick-meta":"","header-main-stick-meta":"","header-below-stick-meta":"","astra-migrate-meta-layouts":"","_joinchat":[]},"product_cat":[41],"product_tag":[],"class_list":["post-569","product","type-product","status-publish","has-post-thumbnail","hentry","product_cat-fajas","pa_color-beige","pa_color-cocoa","pa_color-negra","pa_talla-3xs","pa_talla-2xs","pa_talla-xs","pa_talla-s","pa_talla-m","pa_talla-l","pa_talla-xl","pa_talla-2xl","desktop-align-left","tablet-align-left","mobile-align-left"],"aioseo_notices":[],"_links":{"self":[{"href":"https:\/\/internationalbusinesssolution.com\/index.php\/wp-json\/wp\/v2\/product\/569","targetHints":{"allow":["GET"]}}],"collection":[{"href":"https:\/\/internationalbusinesssolution.com\/index.php\/wp-json\/wp\/v2\/product"}],"about":[{"href":"https:\/\/internationalbusinesssolution.com\/index.php\/wp-json\/wp\/v2\/types\/product"}],"replies":[{"embeddable":true,"href":"https:\/\/internationalbusinesssolution.com\/index.php\/wp-json\/wp\/v2\/comments?post=569"}],"wp:featuredmedia":[{"embeddable":true,"href":"https:\/\/internationalbusinesssolution.com\/index.php\/wp-json\/wp\/v2\/media\/570"}],"wp:attachment":[{"href":"https:\/\/internationalbusinesssolution.com\/index.php\/wp-json\/wp\/v2\/media?parent=569"}],"wp:term":[{"taxonomy":"product_cat","embeddable":true,"href":"https:\/\/internationalbusinesssolution.com\/index.php\/wp-json\/wp\/v2\/product_cat?post=569"},{"taxonomy":"product_tag","embeddable":true,"href":"https:\/\/internationalbusinesssolution.com\/index.php\/wp-json\/wp\/v2\/product_tag?post=569"}],"curies":[{"name":"wp","href":"https:\/\/api.w.org\/{rel}","templated":true}]}}