{"id":558,"date":"2023-08-30T22:30:08","date_gmt":"2023-08-31T03:30:08","guid":{"rendered":"https:\/\/internationalbusinesssolution.com\/?post_type=product&#038;p=558"},"modified":"2023-08-30T22:48:28","modified_gmt":"2023-08-31T03:48:28","slug":"faja-boxer","status":"publish","type":"product","link":"https:\/\/internationalbusinesssolution.com\/index.php\/producto\/faja-boxer\/","title":{"rendered":"Faja boxer"},"content":{"rendered":"\n<p>La faja boxer moldea tu figura y reduce medidas en abdomen, cintura y muslos. Su dise\u00f1o de tira le da un toque sexy y elegante, y el estilo boxer evita que se enrolle o se suba, proporcion\u00e1ndote mayor comodidad. Con esta prenda prodr\u00e1s lucir una figura estilizada y sentirte c\u00f3moda y segura en todo momento.<\/p>\n","protected":false},"excerpt":{"rendered":"<p>La faja boxer moldea tu figura y reduce medidas en abdomen, cintura y muslos. Su dise\u00f1o de tira le da un toque sexy y elegante, y el estilo boxer evita que se enrolle o se suba, proporcion\u00e1ndote mayor comodidad. Con esta prenda prodr\u00e1s lucir una figura estilizada y sentirte c\u00f3moda y segura en todo momento.<\/p>\n","protected":false},"featured_media":559,"comment_status":"open","ping_status":"closed","template":"","meta":{"om_disable_all_campaigns":false,"_monsterinsights_skip_tracking":false,"_monsterinsights_sitenote_active":false,"_monsterinsights_sitenote_note":"","_monsterinsights_sitenote_category":0,"site-sidebar-layout":"default","site-content-layout":"","ast-site-content-layout":"","site-content-style":"default","site-sidebar-style":"default","ast-global-header-display":"","ast-banner-title-visibility":"","ast-main-header-display":"","ast-hfb-above-header-display":"","ast-hfb-below-header-display":"","ast-hfb-mobile-header-display":"","site-post-title":"","ast-breadcrumbs-content":"","ast-featured-img":"","footer-sml-layout":"","theme-transparent-header-meta":"","adv-header-id-meta":"","stick-header-meta":"","header-above-stick-meta":"","header-main-stick-meta":"","header-below-stick-meta":"","astra-migrate-meta-layouts":"","_joinchat":[]},"product_cat":[41],"product_tag":[],"class_list":["post-558","product","type-product","status-publish","has-post-thumbnail","hentry","product_cat-fajas","pa_color-beige","pa_color-cocoa","pa_color-negra","pa_talla-3xs","pa_talla-2xs","pa_talla-xs","pa_talla-s","pa_talla-m","pa_talla-l","pa_talla-xl","pa_talla-2xl","desktop-align-left","tablet-align-left","mobile-align-left"],"aioseo_notices":[],"_links":{"self":[{"href":"https:\/\/internationalbusinesssolution.com\/index.php\/wp-json\/wp\/v2\/product\/558","targetHints":{"allow":["GET"]}}],"collection":[{"href":"https:\/\/internationalbusinesssolution.com\/index.php\/wp-json\/wp\/v2\/product"}],"about":[{"href":"https:\/\/internationalbusinesssolution.com\/index.php\/wp-json\/wp\/v2\/types\/product"}],"replies":[{"embeddable":true,"href":"https:\/\/internationalbusinesssolution.com\/index.php\/wp-json\/wp\/v2\/comments?post=558"}],"wp:featuredmedia":[{"embeddable":true,"href":"https:\/\/internationalbusinesssolution.com\/index.php\/wp-json\/wp\/v2\/media\/559"}],"wp:attachment":[{"href":"https:\/\/internationalbusinesssolution.com\/index.php\/wp-json\/wp\/v2\/media?parent=558"}],"wp:term":[{"taxonomy":"product_cat","embeddable":true,"href":"https:\/\/internationalbusinesssolution.com\/index.php\/wp-json\/wp\/v2\/product_cat?post=558"},{"taxonomy":"product_tag","embeddable":true,"href":"https:\/\/internationalbusinesssolution.com\/index.php\/wp-json\/wp\/v2\/product_tag?post=558"}],"curies":[{"name":"wp","href":"https:\/\/api.w.org\/{rel}","templated":true}]}}